{"id":93,"date":"2015-04-09T10:24:41","date_gmt":"2015-04-09T09:24:41","guid":{"rendered":"https:\/\/pageperso.univ-lr.fr\/vincent.courboulay\/?page_id=93"},"modified":"2015-08-19T13:41:12","modified_gmt":"2015-08-19T12:41:12","slug":"bigdatart","status":"publish","type":"page","link":"https:\/\/pageperso.univ-lr.fr\/vincent.courboulay\/?page_id=93","title":{"rendered":"BigDatArt"},"content":{"rendered":"<h1 class=\"western\" align=\"justify\"><a href=\"https:\/\/pageperso.univ-lr.fr\/vincent.courboulay\/wp-content\/uploads\/2015\/04\/BigDatArt.pdf\">BigDatArt<\/a>\u00a0(in english)<\/h1>\n<h1 class=\"western\" align=\"justify\">Contexte<\/h1>\n<p align=\"justify\">Mon projet trouve son origine dans l&rsquo;apparition progressive et irr\u00e9versible des donn\u00e9es massives ou <i>big data<\/i> dans des \u00e9cosyst\u00e8mes de plus en plus complexes. Traditionnellement, le big data se caract\u00e9rise par ses 3V :<\/p>\n<ul>\n<li>\n<p align=\"justify\">Volume : les donn\u00e9es num\u00e9riques cr\u00e9\u00e9es dans le monde seraient pass\u00e9es de 1,2 zettaoctets par an en 2010 \u00e0 1,8 zettaoctets en 2011, puis 2,8 zettaoctets en 2012 et s&rsquo;\u00e9l\u00e8veront \u00e0 40 zettaoctets en 2020 (un zettaoctet \u00e9quivaut \u00e0 10<sup>21<\/sup> octets)<\/p>\n<\/li>\n<li>\n<p align=\"justify\">Vari\u00e9t\u00e9 : ces donn\u00e9es sont brutes, semi-structur\u00e9es voire non structur\u00e9es, provenant du web , au format texte et images, elles peuvent \u00eatre publiques ou priv\u00e9es.<\/p>\n<\/li>\n<li>\n<p align=\"justify\">V\u00e9locit\u00e9 : c&rsquo;est \u00e0 la fois la fr\u00e9quence \u00e0 laquelle les donn\u00e9es sont g\u00e9n\u00e9r\u00e9es, captur\u00e9es et partag\u00e9es.<\/p>\n<\/li>\n<\/ul>\n<p align=\"justify\">L&rsquo;exploitation de ces donn\u00e9es massives dont disposent les entreprises et les pouvoirs publics sont porteuses d&rsquo;applications nouvelles et de gains de comp\u00e9titivit\u00e9 consid\u00e9rables dans des domaines aussi vari\u00e9s que la sant\u00e9, l&rsquo;environnement, la culture, le tourisme, le marketing, l&rsquo;\u00e9ducation, les \u00e9tudes historiques\u2026 La valorisation de ces donn\u00e9es r\u00e9v\u00e8le un caract\u00e8re fondamental.<\/p>\n<p align=\"justify\">En contrepoint de cette valorisation extr\u00eame, je postule le besoin, voire la n\u00e9cessit\u00e9, d&rsquo;une avalorisation salutaire.<\/p>\n<p align=\"justify\">Ne cherchez pas dans un dictionnaire, <i>avalorisation<\/i> n&rsquo;existe pas, un n\u00e9ologisme que j&rsquo;ai invent\u00e9.<\/p>\n<p align=\"justify\">Pensons les donn\u00e9es pour elles m\u00eames et pas pour leur utilisation, d&rsquo;o\u00f9 l&rsquo;avalorisation des donn\u00e9es, avec \u00ab a \u00bb pr\u00e9fixe privatif.<\/p>\n<h1 class=\"western\" align=\"justify\">Objectifs<\/h1>\n<p align=\"justify\">La notion de Big Data est r\u00e9ellement abyssale. Que repr\u00e9sente donc un zettaoctet ? Peut on envisager un brontobyte ?<\/p>\n<p align=\"justify\">Jusqu&rsquo;\u00e0 aujourd&rsquo;hui les art num\u00e9riques \u00e9taient port\u00e9es pas la puissance des machines. Ce que je propose dans mon projet et d&rsquo;inverser le paradigme habituel de traitement.<\/p>\n<p align=\"justify\">Pourquoi ne pas faire porter l&rsquo;art num\u00e9rique par les donn\u00e9es et non par la puissance de calculs des machines. Les jeux vid\u00e9os b\u00e9n\u00e9ficient de la puissance ph\u00e9nom\u00e9nale des consoles, mais l&rsquo;onirisme ne se mesurent pas \u00e0 la quantit\u00e9 de GHz.<\/p>\n<p align=\"justify\">Consid\u00e9rons diff\u00e9remment les donn\u00e9es de par leur volume, leur h\u00e9t\u00e9rog\u00e9n\u00e9it\u00e9, leur rapidit\u00e9 d&rsquo;apparition &#8230;<\/p>\n<p align=\"justify\">Je consid\u00e8re donc qu&rsquo;il est n\u00e9cessaire de proposer une vision avalorisante des usages des donn\u00e9es num\u00e9riques pour permettre au grand public de pourquoi pas toucher du doigt l&rsquo;immensit\u00e9 de l&rsquo;Univers num\u00e9rique et d&rsquo;ouvrir des portes que des artistes empruntent d\u00e9j\u00e0 pour certains <a href=\"http:\/\/bigdataweek.com\/2014\/04\/28\/big-data-art\/\">http:\/\/bigdataweek.com\/2014\/04\/28\/big-data-art\/<\/a><\/p>\n<h1 class=\"western\" align=\"justify\">Mise en \u0153uvre du projet <i>BigDatArt<\/i><\/h1>\n<p><a href=\"https:\/\/pageperso.univ-lr.fr\/vincent.courboulay\/wp-content\/uploads\/2015\/04\/Projet-BigDatArt.pdf\">Projet BigDatArt<\/a>\u00a0(descriptif)<\/p>\n<p align=\"justify\">Le projet B<i>igDatArt<\/i> consiste en une installation assez simple.<\/p>\n<p align=\"justify\">Un \u00e9cran. Sur cet \u00e9cran plusieurs zones. Une partie image et une autre nuage de mot, l&rsquo;avatar de celui qui est en face peut \u00e9galement \u00eatre pr\u00e9sent. J&rsquo;envisage aussi un syst\u00e8me de sonorisation ainsi qu&rsquo;un rendu tactile par tablette braille.<\/p>\n<p align=\"justify\">L&rsquo;ensemble de la pi\u00e8ce peut \u00eatre couverte par le rendu (mur et plafond)<\/p>\n<p align=\"justify\"><b>Toutes ces parties sont \u00e9videment reli\u00e9es par un lien masqu\u00e9 au spectateur (ou <\/b><i><b>spect-acteur<\/b><\/i><b> si il interagit avec l&rsquo;installation).<\/b><\/p>\n<p align=\"justify\">Je souhaite le faire interroger sur les liens existants entre les images et les donn\u00e9es, le faire cheminer d&rsquo;un d\u00e9tail d&rsquo;une image \u00e0 une image compl\u00e8te en compagnie de chansons ou textes choisis en fonction de mots cl\u00e9s g\u00e9n\u00e9r\u00e9s par un moteur de recherche.<\/p>\n<p align=\"justify\">Cheminer sur les ressources sans fin du web avec pour guide un moteur impersonnel.<\/p>\n<p align=\"justify\">L&rsquo;id\u00e9e \u00e9tant d&rsquo;agir sur le plus de sens de l&rsquo;observateur.<\/p>\n<p align=\"justify\">L&rsquo;installation a <i>au moins<\/i> trois modes de fonctionnement :<\/p>\n<p align=\"justify\">\u2022 <b>autonome<\/b> : une image est tir\u00e9e au sort, on fait un zoom sur la partie la plus saillante. Cette vignette est envoy\u00e9 \u00e0 un moteur de recherche qui renvoi une image similaire (sur des crit\u00e8res textes ou images) et une s\u00e9rie de mots cl\u00e9s. Ces mots servent de r\u00e9f\u00e9rence \u00e0 une recherche de livre ou de chanson sur des bases de donn\u00e9es internationales. Pendant le zoom on diffuse ainsi un extrait du morceau de la chanson retourn\u00e9e, ou une lecture automatique d&rsquo;un morceau du livre retourn\u00e9e.<\/p>\n<p align=\"justify\">Cette image est pr\u00e9sent\u00e9e puis on reboucle au d\u00e9but du process sans fin.<\/p>\n<p align=\"justify\">\u2022 <b>semi interactif<\/b> : une personne prend place devant une des deux installations et peut interagir avec le syst\u00e8me soit en changeant la zone \u00e0 zoomer soit en jouant avec le nuage de mot pour choisir celui qui l&rsquo;int\u00e9resse. <b>De la s\u00e9rendipit\u00e9 \u00e0 l&rsquo;\u00e9tat pur<\/b> ;<\/p>\n<p align=\"justify\">\u2022 <b>totalement interactif<\/b> : sorte de <i>battle<\/i> multim\u00e9dia entre deux \u00ab\u00a0joueurs\u00a0\u00bb l&rsquo;un \u00e0 Mons l&rsquo;autre la Rochelle.<\/p>\n<p align=\"justify\">On peut envisager, par une analogie en image du jeu o\u00f9 on passe d&rsquo;un mot \u00e0 un autre en ne changeant qu&rsquo;une lettre. On affiche ainsi deux images, une d\u00e9but, une de fin la personne choisit un \u00e9l\u00e9ment de l&rsquo;image on interroge le web pour une s\u00e9rie de mots cl\u00e9s ses mots cl\u00e9s sont la requ\u00eate d&rsquo;une image on affiche l&rsquo;image on reboucle jusqu&rsquo;\u00e0 temps que la distance des mots cl\u00e9s de l&rsquo;image sont inf\u00e9rieurs \u00e0 un seuil. Dans tous les cas, une plage braille \u00e9crira les paroles de la chanson sous les doigts des observateurs. Enfin, l&rsquo;utilisation de lunettes permettant un suivi oculaire pourrait permettre une nouvelle sorte d&rsquo;interaction.<\/p>\n<h1 class=\"western\" align=\"justify\">R\u00e9alisation<\/h1>\n<p align=\"justify\">Le projet <i>BigDatArt<\/i> n\u00e9cessite une ou plusieurs installations simples et identiques :<\/p>\n<ul>\n<li>\n<p align=\"justify\">une tv grand \u00e9cran ou une projection<\/p>\n<\/li>\n<li>\n<p align=\"justify\">une Kinect<\/p>\n<\/li>\n<li>\n<p align=\"justify\">une tablette braille<\/p>\n<\/li>\n<li>\n<p align=\"justify\">un syst\u00e8me de rendu sonore<\/p>\n<\/li>\n<li>\n<p align=\"justify\">un syst\u00e8me informatique connect\u00e9 \u00e0 Internet<\/p>\n<\/li>\n<\/ul>\n<p align=\"justify\">Mais surtout l&rsquo;aide et la co-construction d&rsquo;acteurs du domaine.<\/p>\n<h1 class=\"western\">Aspect recherche<\/h1>\n<p>Ce projet s&rsquo;appuie sur les recherches que j&rsquo;ai entrepris depuis environ 10 ans au laboratoire L3I.<\/p>\n<p><span style=\"font-family: 'Times New Roman', serif;\"><span style=\"font-size: medium;\"><span lang=\"fr-FR\">Mes activit\u00e9s scientifiques s\u2019organisent autour de l\u2019extraction d\u2019informations dans les images et les s\u00e9quences d\u2019images et cela sur des niveaux distincts, pr\u00e9sentant chacun une d\u00e9finition particuli\u00e8re autour de l\u2019information. En d&rsquo;autres termes, comment sont reli\u00e9es images et information ? Comment extraire l&rsquo;information contenue dans une image ? Comment acqu\u00e9rir de l&rsquo;information gr\u00e2ce \u00e0 l&rsquo;image ? <\/span><\/span><\/span><span style=\"font-family: 'Times New Roman', serif;\"><span style=\"font-size: medium;\"><span lang=\"fr-FR\">Je m\u2019int\u00e9resse aussi \u00e0 l\u2019attention et sa mod\u00e9lisation biologiquement inspir\u00e9e.<\/span><\/span><\/span><\/p>\n<p align=\"justify\"><span style=\"font-family: 'Times New Roman', serif;\"><span style=\"font-size: medium;\">Bien \u00e9videmment cette installation peut\/doit s&rsquo;accompagner d&rsquo;une d\u00e9marche de pr\u00e9sentation des travaux de recherche aff\u00e9rents. Cela peut prendre la forme de poster, vid\u00e9o ou conf\u00e9rences.<\/span><\/span><\/p>\n<h1 class=\"western\" align=\"justify\"><\/h1>\n<p align=\"justify\">Installation pour le public<\/p>\n<p align=\"justify\">L&rsquo;installation a vocation a \u00eatre d\u00e9clin\u00e9 sur plusieurs lieux et type de fonctionnement.<\/p>\n<p align=\"justify\">L&rsquo;id\u00e9e serait d&rsquo;en faire un projet <i>opensource<\/i>, de fa\u00e7on \u00e0 ce qu&rsquo;il puisse s&rsquo;installer partout suivant une m\u00e9thodologie claire et document\u00e9e.<\/p>\n<p align=\"justify\">L&rsquo;installation principale pourra \u00eatre montr\u00e9e dans un premier temps \u00e0 la maison de l&rsquo;\u00e9tudiant de l&rsquo;ULR, son pendant serait \u00e0 Mons et dans le <span style=\"text-decoration: underline;\">meilleur<\/span> des cas aux mus\u00e9es des Beaux Arts de Mons (<a href=\"http:\/\/www.bam.mons.be\/\">www.bam.mons.be<\/a>) ou de mani\u00e8re plus simple \u00e0 la facult\u00e9 polytechnique de Mons (<a href=\"http:\/\/www.fpms.ac.be\/\">www.fpms.ac.be<\/a>). En ce qui concerne une installation <i>in situ<\/i>, la librairie Grefine de La Rochelle serait int\u00e9ress\u00e9e.<\/p>\n<p align=\"justify\">L&rsquo;installation pourrait dispos\u00e9e de diff\u00e9rentes vies.<\/p>\n<ul>\n<li>\n<p align=\"justify\">sur le web<\/p>\n<\/li>\n<li>\n<p align=\"justify\">universit\u00e9<\/p>\n<\/li>\n<li>\n<p align=\"justify\">version d\u00e9grad\u00e9 transportable<\/p>\n<\/li>\n<li>\n<p align=\"justify\">version accessible (pourquoi pas faire <b>sentir<\/b> la profondeur du web?)<\/p>\n<\/li>\n<\/ul>\n","protected":false},"excerpt":{"rendered":"<p>BigDatArt\u00a0(in english) Contexte Mon projet trouve son origine dans l&rsquo;apparition progressive et irr\u00e9versible des donn\u00e9es massives ou big data dans des \u00e9cosyst\u00e8mes de plus en plus complexes. Traditionnellement, le big data se caract\u00e9rise par ses 3V : Volume : les donn\u00e9es num\u00e9riques cr\u00e9\u00e9es dans le monde seraient pass\u00e9es de 1,2 zettaoctets par an en 2010 &hellip; <a href=\"https:\/\/pageperso.univ-lr.fr\/vincent.courboulay\/?page_id=93\" class=\"more-link\">Continuer la lecture de <span class=\"screen-reader-text\">BigDatArt<\/span> <span class=\"meta-nav\">&rarr;<\/span><\/a><\/p>\n","protected":false},"author":1,"featured_media":0,"parent":91,"menu_order":0,"comment_status":"closed","ping_status":"open","template":"","meta":{"footnotes":""},"_links":{"self":[{"href":"https:\/\/pageperso.univ-lr.fr\/vincent.courboulay\/index.php?rest_route=\/wp\/v2\/pages\/93"}],"collection":[{"href":"https:\/\/pageperso.univ-lr.fr\/vincent.courboulay\/index.php?rest_route=\/wp\/v2\/pages"}],"about":[{"href":"https:\/\/pageperso.univ-lr.fr\/vincent.courboulay\/index.php?rest_route=\/wp\/v2\/types\/page"}],"author":[{"embeddable":true,"href":"https:\/\/pageperso.univ-lr.fr\/vincent.courboulay\/index.php?rest_route=\/wp\/v2\/users\/1"}],"replies":[{"embeddable":true,"href":"https:\/\/pageperso.univ-lr.fr\/vincent.courboulay\/index.php?rest_route=%2Fwp%2Fv2%2Fcomments&post=93"}],"version-history":[{"count":5,"href":"https:\/\/pageperso.univ-lr.fr\/vincent.courboulay\/index.php?rest_route=\/wp\/v2\/pages\/93\/revisions"}],"predecessor-version":[{"id":135,"href":"https:\/\/pageperso.univ-lr.fr\/vincent.courboulay\/index.php?rest_route=\/wp\/v2\/pages\/93\/revisions\/135"}],"up":[{"embeddable":true,"href":"https:\/\/pageperso.univ-lr.fr\/vincent.courboulay\/index.php?rest_route=\/wp\/v2\/pages\/91"}],"wp:attachment":[{"href":"https:\/\/pageperso.univ-lr.fr\/vincent.courboulay\/index.php?rest_route=%2Fwp%2Fv2%2Fmedia&parent=93"}],"curies":[{"name":"wp","href":"https:\/\/api.w.org\/{rel}","templated":true}]}}