{"id":31,"date":"2015-04-09T09:06:55","date_gmt":"2015-04-09T08:06:55","guid":{"rendered":"https:\/\/pageperso.univ-lr.fr\/vincent.courboulay\/?page_id=31"},"modified":"2015-04-09T09:56:47","modified_gmt":"2015-04-09T08:56:47","slug":"chair-of-excellence","status":"publish","type":"page","link":"https:\/\/pageperso.univ-lr.fr\/vincent.courboulay\/?page_id=31","title":{"rendered":"Chair of excellence"},"content":{"rendered":"<p>Des champs de recherche multiples mais articul\u00e9s : responsabilit\u00e9 p\u00e9nale des personnes et des entreprises, r\u00e9pression des crimes de guerre, des crimes contre l\u2019humanit\u00e9 et des g\u00e9nocides, justice transitionnelle, arbitrages internationaux, gestion m\u00e9morielle des conflits.<br \/>\nActions : formation initiale (\u00e9tudiants) et continue (professions judiciaires, acteurs \u00e9conomiques), accueil de doctorants, de post-doctorants et d\u2019enseignants-chercheurs, d\u00e9veloppement d\u2019une \u00ab clinique juridique \u00bb, d\u2019un espace collaboratif ouvert, d\u2019un organe de veille scientifique ; forums, s\u00e9minaires, symposiums, \u00e9changes de pratiques et confrontation d\u2019exp\u00e9riences, expertises et conseils.<br \/>\nMise en place d\u2019un Centre international de documentation : collecte et analyse de documents et d\u2019archives provenant de tribunaux p\u00e9naux internationaux, de la Cour p\u00e9nale internationale, des juridictions ou commissions non juridiques qui \u0153uvrent dans un esprit de r\u00e9conciliation nationale, des tribunaux communautaires villageois [Afrique \u2013Gacaca], des ONG et de structures d\u2019 arbitrage. Num\u00e9risation des archives, indexation, conservation et mise \u00e0 disposition des chercheurs et du public.<br \/>\nLa chaire est plac\u00e9e sous le haut patronage de Carla del Ponte et b\u00e9n\u00e9ficie d\u2019un label onusien Nations Unies\/Impact Acad\u00e9mie.<br \/>\nDes partenariats avec diff\u00e9rentes universit\u00e9s, centre de recherches, \u00e9tablissements historiaux et m\u00e9moriaux, en Europe et hors d\u2019Europe, ONG et juridictions internationales sont en cours.<\/p>\n<p>Multiple fields but articulated research : criminal liability of individuals and businesses , the repression of war crimes , crimes against humanity and genocide , transitional justice , international arbitrations , memorial conflict management.<br \/>\nActions: initial training ( students) and continuous ( legal professions , economic actors) , PhD students , postdocs and faculty members, development of a \u00a0\u00bb legal clinic \u00a0\u00bb , an open collaborative space for a body of scientific intelligence , forums, seminars, symposia, exchange of best practices and exchange of experience, expertise and advice.<br \/>\nEstablishment of an International Centre for documentation collection and analysis of documents and archives from international criminal tribunals and the International Criminal Court, courts or non-legal commissions working in a spirit of national reconciliation , community courts villagers [ African- Gacaca ] , NGOs and arbitration structures. Archive digitization , indexing, storage and provision of researchers and the public .<br \/>\nThe pulpit is placed under the patronage of Carla del Ponte and enjoys a UN label United \/ Nations Impact Academy .<br \/>\nPartnerships with various universities , research centers , institutions historiaux and memorials in Europe and outside Europe , NGOs and international jurisdictions are underway.<\/p>\n","protected":false},"excerpt":{"rendered":"<p>Des champs de recherche multiples mais articul\u00e9s : responsabilit\u00e9 p\u00e9nale des personnes et des entreprises, r\u00e9pression des crimes de guerre, des crimes contre l\u2019humanit\u00e9 et des g\u00e9nocides, justice transitionnelle, arbitrages internationaux, gestion m\u00e9morielle des conflits. Actions : formation initiale (\u00e9tudiants) et continue (professions judiciaires, acteurs \u00e9conomiques), accueil de doctorants, de post-doctorants et d\u2019enseignants-chercheurs, d\u00e9veloppement d\u2019une &hellip; <a href=\"https:\/\/pageperso.univ-lr.fr\/vincent.courboulay\/?page_id=31\" class=\"more-link\">Continuer la lecture de <span class=\"screen-reader-text\">Chair of excellence<\/span> <span class=\"meta-nav\">&rarr;<\/span><\/a><\/p>\n","protected":false},"author":1,"featured_media":0,"parent":23,"menu_order":0,"comment_status":"open","ping_status":"open","template":"","meta":{"footnotes":""},"_links":{"self":[{"href":"https:\/\/pageperso.univ-lr.fr\/vincent.courboulay\/index.php?rest_route=\/wp\/v2\/pages\/31"}],"collection":[{"href":"https:\/\/pageperso.univ-lr.fr\/vincent.courboulay\/index.php?rest_route=\/wp\/v2\/pages"}],"about":[{"href":"https:\/\/pageperso.univ-lr.fr\/vincent.courboulay\/index.php?rest_route=\/wp\/v2\/types\/page"}],"author":[{"embeddable":true,"href":"https:\/\/pageperso.univ-lr.fr\/vincent.courboulay\/index.php?rest_route=\/wp\/v2\/users\/1"}],"replies":[{"embeddable":true,"href":"https:\/\/pageperso.univ-lr.fr\/vincent.courboulay\/index.php?rest_route=%2Fwp%2Fv2%2Fcomments&post=31"}],"version-history":[{"count":2,"href":"https:\/\/pageperso.univ-lr.fr\/vincent.courboulay\/index.php?rest_route=\/wp\/v2\/pages\/31\/revisions"}],"predecessor-version":[{"id":69,"href":"https:\/\/pageperso.univ-lr.fr\/vincent.courboulay\/index.php?rest_route=\/wp\/v2\/pages\/31\/revisions\/69"}],"up":[{"embeddable":true,"href":"https:\/\/pageperso.univ-lr.fr\/vincent.courboulay\/index.php?rest_route=\/wp\/v2\/pages\/23"}],"wp:attachment":[{"href":"https:\/\/pageperso.univ-lr.fr\/vincent.courboulay\/index.php?rest_route=%2Fwp%2Fv2%2Fmedia&parent=31"}],"curies":[{"name":"wp","href":"https:\/\/api.w.org\/{rel}","templated":true}]}}