{"id":2,"date":"2018-10-25T22:25:56","date_gmt":"2018-10-25T22:25:56","guid":{"rendered":"http:\/\/pageperso.univ-lr.fr\/mickael.coustaty\/?page_id=2"},"modified":"2026-03-20T09:26:01","modified_gmt":"2026-03-20T09:26:01","slug":"sample-page","status":"publish","type":"page","link":"https:\/\/pageperso.univ-lr.fr\/mickael.coustaty\/","title":{"rendered":"Accueil \/ Home"},"content":{"rendered":"\n<p>Nouveaut\u00e9 :<\/p>\n\n\n\n<ul class=\"wp-block-list\">\n<li>TPDL 2024 short papers chair<\/li>\n\n\n\n<li>DAS 2024 Industry and Sponsorship chair<\/li>\n\n\n\n<li>ICADL 2023 Best Paper Award pour l&#8217;article: &#8220;STRAS: A Semantic Textual-cues Leveraged Rule-based Approach for Article Separation in Historical Newspapers&#8221;<\/li>\n\n\n\n<li>KDIR 2022 Best Poster Award pour l&#8217;article : &#8220;Adapting Transformers for Detecting Emergency Events on Social Media&#8221;<\/li>\n\n\n\n<li>IEEE SMC 2022 Outstanding SMC Chapter Award pour le chapitre Fran\u00e7ais<\/li>\n\n\n\n<li>IAPR\/ICDAR 2021 Young Investigator Award<\/li>\n<\/ul>\n\n\n\n<p>Ma\u00eetre de Conf\u00e9rences \/ Associate Professor (La Rochelle Universit\u00e9)<\/p>\n\n\n\n<p><small>\u00c9quipe L3i : Image et Contenus<\/small><\/p>\n\n\n\n<p><small>Fonction administrative : Co-directeur du Master droit du Num\u00e9riquye parcours Tiers de Confiance et S\u00e9curit\u00e9 Num\u00e9rique<\/small><\/p>\n\n\n\n<p><small>Responsabilit\u00e9 au sein du laboratoire : Responsable du Domains d&#8217;Application Strat\u00e9gique &#8220;Valorisation des Contenus Num\u00e9riques&#8221;<\/small><\/p>\n\n\n\n<p><small><br>Courrier \u00e9lectronique : mickael.coustaty AT univ-lr.fr<\/small><\/p>\n\n\n\n<p><small>Bureau : 014 Bis<br>T\u00e9l : +33 (0)5 46 45 87 63<\/small><\/p>\n","protected":false},"excerpt":{"rendered":"<p>Nouveaut\u00e9 : Ma\u00eetre de Conf\u00e9rences \/ Associate Professor (La Rochelle Universit\u00e9) \u00c9quipe L3i : Image et Contenus Fonction administrative : Co-directeur du Master droit du Num\u00e9riquye parcours Tiers de Confiance et S\u00e9curit\u00e9 Num\u00e9rique Responsabilit\u00e9 au sein du laboratoire : Responsable du Domains d&#8217;Application Strat\u00e9gique &#8220;Valorisation des Contenus Num\u00e9riques&#8221; Courrier \u00e9lectronique : mickael.coustaty AT univ-lr.fr Bureau<\/p>\n<div class=\"more-link\">\n\t\t\t\t <a href=\"https:\/\/pageperso.univ-lr.fr\/mickael.coustaty\/\" class=\"link-btn theme-btn\"><span>Read More <\/span> <i class=\"fa fa-caret-right\"><\/i><\/a>\n\t\t\t<\/div>\n","protected":false},"author":1,"featured_media":0,"parent":0,"menu_order":0,"comment_status":"closed","ping_status":"open","template":"","meta":{"footnotes":""},"class_list":["post-2","page","type-page","status-publish","hentry"],"_links":{"self":[{"href":"https:\/\/pageperso.univ-lr.fr\/mickael.coustaty\/wp-json\/wp\/v2\/pages\/2","targetHints":{"allow":["GET"]}}],"collection":[{"href":"https:\/\/pageperso.univ-lr.fr\/mickael.coustaty\/wp-json\/wp\/v2\/pages"}],"about":[{"href":"https:\/\/pageperso.univ-lr.fr\/mickael.coustaty\/wp-json\/wp\/v2\/types\/page"}],"author":[{"embeddable":true,"href":"https:\/\/pageperso.univ-lr.fr\/mickael.coustaty\/wp-json\/wp\/v2\/users\/1"}],"replies":[{"embeddable":true,"href":"https:\/\/pageperso.univ-lr.fr\/mickael.coustaty\/wp-json\/wp\/v2\/comments?post=2"}],"version-history":[{"count":10,"href":"https:\/\/pageperso.univ-lr.fr\/mickael.coustaty\/wp-json\/wp\/v2\/pages\/2\/revisions"}],"predecessor-version":[{"id":113,"href":"https:\/\/pageperso.univ-lr.fr\/mickael.coustaty\/wp-json\/wp\/v2\/pages\/2\/revisions\/113"}],"wp:attachment":[{"href":"https:\/\/pageperso.univ-lr.fr\/mickael.coustaty\/wp-json\/wp\/v2\/media?parent=2"}],"curies":[{"name":"wp","href":"https:\/\/api.w.org\/{rel}","templated":true}]}}