{"id":16,"date":"2019-09-30T16:15:39","date_gmt":"2019-09-30T16:15:39","guid":{"rendered":"http:\/\/pageperso.univ-lr.fr\/mickael.coustaty\/?page_id=16"},"modified":"2019-11-28T07:19:33","modified_gmt":"2019-11-28T07:19:33","slug":"atelier-interaction-homme-document-ihm-2019","status":"publish","type":"page","link":"https:\/\/pageperso.univ-lr.fr\/mickael.coustaty\/atelier-interaction-homme-document-ihm-2019\/","title":{"rendered":"Atelier Interaction Homme-Document &#8211; IHM 2019"},"content":{"rendered":"\n<h2 class=\"wp-block-heading\">1er atelier sur l&#8217;Interaction Homme-Document<\/h2>\n\n\n\n<h2 class=\"wp-block-heading\">Objectifs et Motivations<\/h2>\n\n\n\n<p>Cet\natelier est d\u00e9di\u00e9 aux travaux sur l\u2019interaction Homme-Document. Document est\nd\u00e9fini au sens large par tout document \u00e9crit par l\u2019homme (comme du texte, des\nsch\u00e9mas, des formules). <\/p>\n\n\n\n<p>L\u2019objectif\nde cet atelier par d\u00e9finition pluridisciplinaire (incluant par exemple les\ncommunaut\u00e9s Traitement du document, Vision par ordinateur, Recherche\nd\u2019Information, Traitement de la Langue Naturelle, Interaction Homme-Machine)\nest d\u2019identifier les enjeux et axes de recherche tirant partie de l\u2019expertise\nde chaque discipline pour am\u00e9liorer&nbsp;l\u2019interaction&nbsp; entre [un ou des utilisateurs] et [un ou des\ndocuments]. <\/p>\n\n\n\n<p>Deux\nateliers internationaux ont d\u00e9j\u00e0 organis\u00e9s dans le cadre de la conf\u00e9rence ICDAR\n(International Conference on Document Analysis and Recognition) en 2017 et\n2019. Le programme de l\u2019atelier ICDAR 2019 de septembre 2019 est disponible\n\u00e0&nbsp;: <a href=\"http:\/\/www.cvc.uab.es\/hdi2019\/?c=technical\">http:\/\/www.cvc.uab.es\/hdi2019\/?c=technical<\/a><\/p>\n\n\n\n<p>Notre\nobjectif est ici d\u2019aller au del\u00e0 de la communaut\u00e9 Traitement du Document en\norganisant un atelier \u00e0 la conf\u00e9rence en Interaction Homme-Machine.<\/p>\n\n\n\n<h2 class=\"wp-block-heading\">Topics de l&#8217;atelier<\/h2>\n\n\n\n<p>Le sujet est vaste et pluridisciplinaire. Des exemples de\nsujets sont&nbsp;:<\/p>\n\n\n\n<ul class=\"wp-block-list\"><li> Interaction avec des documents num\u00e9riques<\/li><li>Interaction avec des documents augment\u00e9s combinant des contenus num\u00e9riques et physiques <\/li><li>Prise en compte du contexte d\u2019interaction lors de l\u2019acc\u00e8s \u00e0 des documents num\u00e9riques, physiques ou mixtes<\/li><li>Personnalisation interactive du contenu d\u2019un document<\/li><li>Facteurs humains comme les m\u00e9canismes humains de la lecture<\/li><li>Applications&nbsp;: outils d\u2019\u00e9dition de documents mono-utilisateur ou collaborative, outils de lecture de documents dans des contextes vari\u00e9s, outils de traduction, outils d\u2019apprentissage d\u2019une langue \u00e9trang\u00e8re, etc.<\/li><\/ul>\n\n\n\n<h2 class=\"wp-block-heading\"><strong>Organisation et r\u00e9sultats attendus<\/strong><\/h2>\n\n\n\n<p>Nous proposons d&#8217;organiser une demi-journ\u00e9e\nde brain-storming :<\/p>\n\n\n\n<ol class=\"wp-block-list\"><li>Introduction \u2013 Synth\u00e8se des r\u00e9sultats des deux ateliers HDI \u00e0 ICDAR<\/li><li>Pr\u00e9sentations des participants (longueurs variables, des axes de recherche ou un sujet particulier)<\/li><li>Brainstorming pour identifier les enjeux et axes de recherche sur l\u2019interaction Homme-Document<\/li><\/ol>\n\n\n\n<p>Nous mettrons \u00e0 disposition des participants&nbsp;:<\/p>\n\n\n\n<ul class=\"wp-block-list\"><li>Les r\u00e9sum\u00e9s des pr\u00e9sentations faites durant l&#8217;atelier,<\/li><li>Un recensement des personnes, laboratoires et entreprises int\u00e9ress\u00e9es <\/li><li>Une liste organis\u00e9e d\u2019enjeux et axes de recherche pour l\u2019Interaction      Homme-Document qui sera le r\u00e9sultat des discussions men\u00e9es durant      l&#8217;atelier.<\/li><\/ul>\n\n\n\n<p>Un num\u00e9ro sp\u00e9cial sur l\u2019Interaction Homme-Document est en cours de pr\u00e9paration dans une revue internationale (en cours de discussion avec les \u00e9diteurs). Ce num\u00e9ro sp\u00e9cial ouvert \u00e0 tous les auteurs fait suite aux deux ateliers HDI organis\u00e9s et \u00e0 la conf\u00e9rence ICDAR et celui organis\u00e9 \u00e0 IHM 2019. Nous discuterons ensemble des possibilit\u00e9s de soumettre un article \u00e0 ce num\u00e9ro sp\u00e9cial. <\/p>\n\n\n\n<h2 class=\"wp-block-heading\"><strong>Pour participer&nbsp;(avant le 26 novembre 2019)<\/strong><\/h2>\n\n\n\n<p>La participation \u00e0 l\u2019atelier ne requiert pas forc\u00e9ment\nune communication \u00e9crite et orale formelle. <\/p>\n\n\n\n<ul class=\"wp-block-list\"><li>Les personnes souhaitant\nparticiper sans pr\u00e9senter devront envoyer un mail \u00e0&nbsp;:<br>\n&nbsp;<a href=\"mailto:mickael.coustaty@univ-lr.fr\">mickael.coustaty@univ-lr.fr<\/a>, <a href=\"mailto:Laurence.Nigay@univ-grenoble-alpes.fr\">Laurence.Nigay@univ-grenoble-alpes.fr<\/a> <br>\nen expliquant, en quelques lignes, les raisons de leur participation (axes de recherche,\nsujets souhaitant \u00eatre abord\u00e9s).<\/li><li>Les personnes souhaitant\nparticiper et pr\u00e9senter devront envoyer un r\u00e9sum\u00e9 \u00e0&nbsp;:<br>\n<a href=\"mailto:mickael.coustaty@univ-lr.fr\">mickael.coustaty@univ-lr.fr<\/a>, <a href=\"mailto:Laurence.Nigay@univ-grenoble-alpes.fr\">Laurence.Nigay@univ-grenoble-alpes.fr<\/a><\/li><\/ul>\n\n\n\n<p>Dans les deux cas l\u2019inscription se fait via le formulaire\nd\u2019inscription de la conf\u00e9rence&nbsp;: <a href=\"https:\/\/ihm19.afihm.org\/#inscriptions.html\">https:\/\/ihm19.afihm.org\/#inscriptions.html<\/a><\/p>\n\n\n\n<p>Remarque&nbsp;: Avant le 1<sup>er<\/sup> novembre&nbsp; l\u2019inscription \u00e0 un atelier uniquement ou \u00e0 la\nconf\u00e9rence compl\u00e8te est moins ch\u00e8re. <\/p>\n\n\n\n<h2 class=\"wp-block-heading\">Agenda \/ Planning (pr\u00e9visionnel)<\/h2>\n\n\n\n<ul class=\"wp-block-list\"><li>9h-12h15 : Atelier b\u00e2timent IMAG<ul><li>Programme d\u00e9taill\u00e9 : https:\/\/ihm2019.afihm.org\/#0900Mardi<\/li><\/ul><\/li><li>12h30 : Repas midi Hall d\u2019accueil du b\u00e2timent IMAG<\/li><\/ul>\n\n\n\n<p style=\"text-align:center\"> Pour venir au b\u00e2timent IMAG :<br><a class=\"\" href=\"https:\/\/batiment.imag.fr\/fr\/contact-adresses-plan-dacces\">https:\/\/batiment.imag.fr\/fr\/contact-adresses-plan-dacces<\/a><\/p>\n\n\n\n<h2 class=\"wp-block-heading\">Dates Importantes<\/h2>\n\n\n\n<p><strong>26 Novembre<\/strong>:  Date limite pour nous contacter avec ou sans soumission <br><strong>3 d\u00e9cembre: <\/strong> Notification et premier planning de l&#8217;atelier <br><strong>10 D\u00e9cembre (apr\u00e8s-midi)<\/strong>: Atelier<\/p>\n\n\n\n<h2 class=\"wp-block-heading\">Comit\u00e9 d&#8217;Organisation et Editorial<\/h2>\n\n\n\n<ul class=\"wp-block-list\"><li>Laurence Nigay,  University Grenoble Alpes <\/li><li>Micka\u00ebl Coustaty, La Rochelle Universit\u00e9<\/li><\/ul>\n","protected":false},"excerpt":{"rendered":"<p>1er atelier sur l&#8217;Interaction Homme-Document Objectifs et Motivations Cet atelier est d\u00e9di\u00e9 aux travaux sur l\u2019interaction Homme-Document. Document est d\u00e9fini au sens large par tout document \u00e9crit par l\u2019homme (comme du texte, des sch\u00e9mas, des formules). L\u2019objectif de cet atelier par d\u00e9finition pluridisciplinaire (incluant par exemple les communaut\u00e9s Traitement du document, Vision par ordinateur, Recherche<\/p>\n<div class=\"more-link\">\n\t\t\t\t <a href=\"https:\/\/pageperso.univ-lr.fr\/mickael.coustaty\/atelier-interaction-homme-document-ihm-2019\/\" class=\"link-btn theme-btn\"><span>Read More <\/span> <i class=\"fa fa-caret-right\"><\/i><\/a>\n\t\t\t<\/div>\n","protected":false},"author":1,"featured_media":0,"parent":0,"menu_order":0,"comment_status":"closed","ping_status":"closed","template":"","meta":{"footnotes":""},"class_list":["post-16","page","type-page","status-publish","hentry"],"_links":{"self":[{"href":"https:\/\/pageperso.univ-lr.fr\/mickael.coustaty\/wp-json\/wp\/v2\/pages\/16","targetHints":{"allow":["GET"]}}],"collection":[{"href":"https:\/\/pageperso.univ-lr.fr\/mickael.coustaty\/wp-json\/wp\/v2\/pages"}],"about":[{"href":"https:\/\/pageperso.univ-lr.fr\/mickael.coustaty\/wp-json\/wp\/v2\/types\/page"}],"author":[{"embeddable":true,"href":"https:\/\/pageperso.univ-lr.fr\/mickael.coustaty\/wp-json\/wp\/v2\/users\/1"}],"replies":[{"embeddable":true,"href":"https:\/\/pageperso.univ-lr.fr\/mickael.coustaty\/wp-json\/wp\/v2\/comments?post=16"}],"version-history":[{"count":8,"href":"https:\/\/pageperso.univ-lr.fr\/mickael.coustaty\/wp-json\/wp\/v2\/pages\/16\/revisions"}],"predecessor-version":[{"id":27,"href":"https:\/\/pageperso.univ-lr.fr\/mickael.coustaty\/wp-json\/wp\/v2\/pages\/16\/revisions\/27"}],"wp:attachment":[{"href":"https:\/\/pageperso.univ-lr.fr\/mickael.coustaty\/wp-json\/wp\/v2\/media?parent=16"}],"curies":[{"name":"wp","href":"https:\/\/api.w.org\/{rel}","templated":true}]}}