{"id":72,"date":"2015-07-23T15:49:03","date_gmt":"2015-07-23T15:49:03","guid":{"rendered":"http:\/\/pageperso.univ-lr.fr\/frederic.bertrand\/?page_id=72"},"modified":"2015-07-24T14:25:54","modified_gmt":"2015-07-24T14:25:54","slug":"geomatique-et-mobilite","status":"publish","type":"page","link":"https:\/\/pageperso.univ-lr.fr\/frederic.bertrand\/recherche\/geomatique-et-mobilite\/","title":{"rendered":"G\u00e9omatique et mobilit\u00e9"},"content":{"rendered":"<p style=\"text-align: justify;\">Ces travaux ont \u00e9t\u00e9 r\u00e9alis\u00e9s entre 1997 et 2008 avec Alain BOUJU et Patrice BOURSIER au cours de 3 th\u00e8ses :<\/p>\n<ul>\n<li style=\"text-align: justify;\">Arunas STOCKUS\u00a0dont la th\u00e8se (1997-2001) portait sur\u00a0le d\u00e9veloppement de\u00a0m\u00e9thodes pour la visualisation de donn\u00e9es g\u00e9or\u00e9f\u00e9renc\u00e9es\u00a0et d&#8217;algorithmes pour la mise en correspondance des positions de v\u00e9hicules (donn\u00e9es GPS) avec des cartes routi\u00e8res (donn\u00e9es vectorielles).<\/li>\n<li style=\"text-align: justify;\">Jean-Michel FOLLIN dont la th\u00e8se (2001-2004) consistait \u00e0 d\u00e9velopper une gestion incr\u00e9mentale de donn\u00e9es multi-resolutions dans un syst\u00e8me mobile de visualisation d&#8217;information g\u00e9ographique.<\/li>\n<li style=\"text-align: justify;\">Salvijus LAUCIUS\u00a0dont la th\u00e8se (2003-2008) avait pour sujet le d\u00e9veloppement de m\u00e9thodes et de protocoles\u00a0de transmission de donn\u00e9es cartographiques utilisant diff\u00e9rents niveaux de d\u00e9tails en fonction de la vitesse de d\u00e9placement d&#8217;un utilisateur mobile.<\/li>\n<\/ul>\n<p>Ces travaux ont donn\u00e9 lieu \u00e0 des collaborations avec l&#8217;<a href=\"https:\/\/www.ecole-navale.fr\/-Recherche-scientifique-.html\">IRENav<\/a> (C. CLARAMUNT, T. DEVOGELE, C. RAY) et avec le <a href=\"http:\/\/liris.cnrs.fr\/?set_language=fr\">LIRIS<\/a> (S. SERVIGNE, G. NO\u00cbL) et \u00e0 diff\u00e9rentes publications :<\/p>\n<hr \/>\n<p style=\"text-align: center;\"><strong>Revues<\/strong><\/p>\n<hr \/>\n<ul>\n<li>Sylvie SERVIGNE, Thomas DEVOGELE, Alain BOUJU, Fr\u00e9d\u00e9ric BERTRAND, Claudia GUTI\u00c9RREZ, Guillaume NO\u00cbL<br \/>\n<a href=\"http:\/\/www.cepadues.com\/livre_details.asp?l=855\"><strong>Gestion de masses de donn\u00e9es au sein de bases de donn\u00e9es capteurs\u00a0<\/strong><\/a><br \/>\n<em>Revue internationale de G\u00e9omatique<\/em><br \/>\npp 133-150, vol. 19 (2), 2009<\/li>\n<li>Jean-Michel FOLLIN, Alain BOUJU, Fr\u00e9d\u00e9ric BERTRAND et Patrice BOURSIER<br \/>\n<a href=\"http:\/\/perso.univ-lr.fr\/fbertran\/recherche\/publis\/computers_geosciences2004.pdf\"><strong>Multi-Resolution Extension for Transmission of Geodata in a Mobile Context<\/strong><\/a><br \/>\n<em>Computers &amp; Geosciences (Geospatial Research in Europe: AGILE 2003)<\/em>,<br \/>\npp 179-188, vol. 31 (2), 2005<\/li>\n<li>Alain BOUJU, Arunas STOCKUS, Fr\u00e9d\u00e9ric BERTRAND et Patrice BOURSIER<br \/>\n<a href=\"http:\/\/perso.univ-lr.fr\/fbertran\/recherche\/publis\/geomatique2003.pdf\"><strong>Un mod\u00e8le d&#8217;architecture client-serveur pour les syst\u00e8mes d&#8217;information g\u00e9ographique mobiles<\/strong><\/a><br \/>\n<em>Revue internationale de G\u00e9omatique (num\u00e9ro sp\u00e9cial \u00ab\u00a0SIG transport\u00a0\u00bb)\u00a0<\/em><br \/>\npp 225-251, vol. 13 (2), 2003<\/li>\n<\/ul>\n<hr \/>\n<p style=\"text-align: center;\"><strong>Conf\u00e9rences<\/strong><\/p>\n<hr \/>\n<ul>\n<li>Fr\u00e9d\u00e9ric BERTRAND, Alain BOUJU, Christophe CLARAMUNT, Thomas DEVOGELE and Cyril RAY<br \/>\n<a href=\"http:\/\/dx.doi.org\/10.1007\/978-3-540-76925-5_7\"><b>Web Architecture for Monitoring and Visualizing Mobile Objects in Maritime Contexts<\/b><\/a><br \/>\n<em>Proceedings of\u00a0<\/em><i>7th International Workshop on Web and Wireless Geographical Information Systems<\/i><br \/>\nCardiff, United Kingdom, November 2007<br \/>\nLecture Notes in Computer Science, pp 94-105, vol. 4857, ISBN: 978-3-540-76923-1<br \/>\nEditors: J.M. Ware, G.E. Taylor<\/li>\n<li>Salvijus LAUCIUS, Alain BOUJU, Fr\u00e9d\u00e9ric BERTRAND<br \/>\n<a href=\"http:\/\/perso.univ-lr.fr\/fbertran\/recherche\/publis\/sageo2006.pdf\"><strong>Chargement et visualisation dynamiques de donn\u00e9es g\u00e9or\u00e9f\u00e9renc\u00e9es pour un utilisateur mobile\u00a0<\/strong><\/a><br \/>\n<em>Actes de la conf\u00e9rence SAGEO \u00ab Colloque international de G\u00e9omatique et d&#8217;Analyse spatiale \u00bb<\/em><br \/>\nStrasbourg, France, septembre 2006<\/li>\n<li>Jean-Michel FOLLIN, Alain BOUJU, Fr\u00e9d\u00e9ric BERTRAND and Arunas STOCKUS<br \/>\n<a href=\"http:\/\/dx.doi.org\/10.1007\/11599289_5\"><b>An increment based model for multi-resolution geodata management in a mobile system<\/b><\/a><br \/>\n<em>Proceedings of\u00a0<\/em><i>5th International Workshop on Web and Wireless Geographical Information Systems<\/i><br \/>\nLausanne, Switzerland, December 2005<br \/>\nLecture Notes in Computer Science, pp 42-53, vol. 3833, ISBN: 3-540-30848-2<br \/>\nEditors: K.-J. Li, C. Vangenot<\/li>\n<li>Salvijus LAUCIUS, Fr\u00e9d\u00e9ric BERTRAND, Arunas STOCKUS and Alain BOUJU<br \/>\n<a href=\"http:\/\/perso.univ-lr.fr\/fbertran\/recherche\/publis\/agile2005.pdf\"><b>Query management and spatial indexing in mobile context<\/b><\/a><br \/>\n<em>Proceedings of\u00a0<\/em><i>8th AGILE Conference on Geographic Information Science<\/i>, pp 429-438<br \/>\nLisboa, Portugal, May 2005<\/li>\n<li>Jean-Michel FOLLIN, Alain BOUJU, Fr\u00e9d\u00e9ric BERTRAND and Patrice BOURSIER<br \/>\n<a href=\"http:\/\/perso.univ-lr.fr\/fbertran\/recherche\/publis\/UbiGIS2004.pdf\"><b>Visualization of multi-resolution spatial data in mobile system<\/b><\/a><br \/>\n<em>Proceedings of\u00a0<\/em><i>1st International Workshop on Ubiquitous GIS (UbiGIS 2004)<\/i><br \/>\nG\u00e4vle, Sweden, June 2004<\/li>\n<li>Salvijus LAUCIUS, Fr\u00e9d\u00e9ric BERTRAND, Alain BOUJU et Patrice BOURSIER<br \/>\n<a href=\"http:\/\/perso.univ-lr.fr\/fbertran\/recherche\/publis\/cassini2004.pdf\"><strong>Interrogation et indexation spatiales dans la cadre d&#8217;un visualisateur d&#8217;information g\u00e9ographique mobile<\/strong><\/a><br \/>\n<em>Actes de la 7eme conf\u00e9rence du GDR SIGMA (Cassini 2004)<\/em>, pp 41-52<br \/>\nGrenoble, France, juin 2004<\/li>\n<li>Jean-Michel FOLLIN, Alain BOUJU, Fr\u00e9d\u00e9ric BERTRAND and Patrice BOURSIER<br \/>\n<a href=\"http:\/\/perso.univ-lr.fr\/fbertran\/recherche\/publis\/wise2003.pdf\"><b>Management Of Multi-Resolution Data In a Mobile Spatial Information Visualization System<\/b><\/a><br \/>\n<em>Proceedings of\u00a0<\/em><i>4th International Conference on Web Information Systems Engineering Workshops (WISE 2003)<\/i>, pp 92-99<br \/>\nRoma, Italy, December 2003<\/li>\n<li>Jean-Michel FOLLIN, Alain BOUJU, Fr\u00e9d\u00e9ric BERTRAND and Patrice BOURSIER<br \/>\n<a href=\"http:\/\/perso.univ-lr.fr\/fbertran\/recherche\/publis\/agile2003.pdf\"><b>Extension To Multi-Resolution Of An Embedded Spatial Information Visualization System<\/b><\/a><br \/>\n<em>Proceedings of\u00a0<\/em><i>6th AGILE Conference on Geographic Information Science<\/i>, pp 149-159<br \/>\nLyon, France, April 2003<\/li>\n<li>Arunas STOCKUS, Alain BOUJU, Fr\u00e9d\u00e9ric BERTRAND and Patrice BOURSIER<br \/>\n<a href=\"http:\/\/perso.univ-lr.fr\/fbertran\/recherche\/publis\/wise2001.pdf\"><b>Accessing to Spatial Data in Mobile Environment<\/b><\/a><br \/>\n<em>Proceedings of\u00a0<\/em><i>Conference on Web Information Systems Engineering<\/i>\u00a0, pp 414-422<br \/>\nKyoto, Japon, December 2001<\/li>\n<li>Arunas STOCKUS, Alain BOUJU, Fr\u00e9d\u00e9ric BERTRAND and Patrice BOURSIER<br \/>\n<a href=\"http:\/\/perso.univ-lr.fr\/fbertran\/recherche\/publis\/iv2000.pdf\"><b>Web-based Vehicle Localization<\/b><\/a><br \/>\n<em>Proceedings of\u00a0<\/em><i>IEEE Intelligent Vehicles Symposium (IV2000)<\/i>\u00a0, pp 436-441<br \/>\nDearborn, USA, October 2000<\/li>\n<li>Arunas STOCKUS, Alain BOUJU, Fr\u00e9d\u00e9ric BERTRAND and Patrice BOURSIER<br \/>\n<a href=\"http:\/\/perso.univ-lr.fr\/fbertran\/recherche\/publis\/acmgis1999.pdf\"><b>Integrating GPS Data within Embedded Internet GIS<\/b><\/a><br \/>\n<em>Proceedings of\u00a0<\/em><i>ACM Symposium on Advances in Geographic Information Systems (ACM GIS&#8217;99)<\/i>\u00a0, pp 134-139<br \/>\nKansas City, USA, November 1999<\/li>\n<li>Alain BOUJU, Arunas STOCKUS, Fr\u00e9d\u00e9ric BERTRAND and Patrice BOURSIER<br \/>\n<a href=\"http:\/\/perso.univ-lr.fr\/fbertran\/recherche\/publis\/dexa1999.pdf\"><b>Client-server Architecture for Accessing Multimedia and Geographic Databases within Embedded Systems<\/b><\/a><br \/>\n<em>Proceedings of\u00a0<\/em><i>International Workshop on Database and Expert Systems Applications (DEXA&#8217;99)<\/i>\u00a0, pp 760-764<br \/>\nFlorence, Italy, September 1999<\/li>\n<\/ul>\n","protected":false},"excerpt":{"rendered":"<p>Ces travaux ont \u00e9t\u00e9 r\u00e9alis\u00e9s entre 1997 et 2008 avec Alain BOUJU et Patrice BOURSIER au cours de 3 th\u00e8ses : Arunas STOCKUS\u00a0dont la th\u00e8se (1997-2001) portait sur\u00a0le d\u00e9veloppement de\u00a0m\u00e9thodes pour la visualisation de donn\u00e9es g\u00e9or\u00e9f\u00e9renc\u00e9es\u00a0et d&#8217;algorithmes pour la mise en correspondance des positions de v\u00e9hicules (donn\u00e9es GPS) avec des cartes routi\u00e8res (donn\u00e9es vectorielles). Jean-Michel &hellip; <a href=\"https:\/\/pageperso.univ-lr.fr\/frederic.bertrand\/recherche\/geomatique-et-mobilite\/\" class=\"more-link\">Continue reading <span class=\"screen-reader-text\">G\u00e9omatique et mobilit\u00e9<\/span><\/a><\/p>\n","protected":false},"author":1,"featured_media":0,"parent":20,"menu_order":0,"comment_status":"open","ping_status":"open","template":"","meta":[],"_links":{"self":[{"href":"https:\/\/pageperso.univ-lr.fr\/frederic.bertrand\/wp-json\/wp\/v2\/pages\/72"}],"collection":[{"href":"https:\/\/pageperso.univ-lr.fr\/frederic.bertrand\/wp-json\/wp\/v2\/pages"}],"about":[{"href":"https:\/\/pageperso.univ-lr.fr\/frederic.bertrand\/wp-json\/wp\/v2\/types\/page"}],"author":[{"embeddable":true,"href":"https:\/\/pageperso.univ-lr.fr\/frederic.bertrand\/wp-json\/wp\/v2\/users\/1"}],"replies":[{"embeddable":true,"href":"https:\/\/pageperso.univ-lr.fr\/frederic.bertrand\/wp-json\/wp\/v2\/comments?post=72"}],"version-history":[{"count":12,"href":"https:\/\/pageperso.univ-lr.fr\/frederic.bertrand\/wp-json\/wp\/v2\/pages\/72\/revisions"}],"predecessor-version":[{"id":88,"href":"https:\/\/pageperso.univ-lr.fr\/frederic.bertrand\/wp-json\/wp\/v2\/pages\/72\/revisions\/88"}],"up":[{"embeddable":true,"href":"https:\/\/pageperso.univ-lr.fr\/frederic.bertrand\/wp-json\/wp\/v2\/pages\/20"}],"wp:attachment":[{"href":"https:\/\/pageperso.univ-lr.fr\/frederic.bertrand\/wp-json\/wp\/v2\/media?parent=72"}],"curies":[{"name":"wp","href":"https:\/\/api.w.org\/{rel}","templated":true}]}}